{"id":2093,"date":"2021-12-09T02:22:35","date_gmt":"2021-12-09T02:22:35","guid":{"rendered":"https:\/\/coleccionmiguelangles.com\/?page_id=2093"},"modified":"2021-12-19T22:37:15","modified_gmt":"2021-12-20T03:37:15","slug":"biografia","status":"publish","type":"page","link":"https:\/\/coleccionmiguelangles.com\/en\/biografia\/","title":{"rendered":"Biograf\u00eda"},"content":{"rendered":"<div data-elementor-type=\"wp-page\" data-elementor-id=\"2093\" class=\"elementor elementor-2093\" data-elementor-post-type=\"page\">\n\t\t\t\t\t\t<section class=\"elementor-section elementor-top-section elementor-element elementor-element-9541ca0 elementor-section-height-min-height elementor-section-boxed elementor-section-height-default elementor-section-items-middle\" data-id=\"9541ca0\" data-element_type=\"section\" data-e-type=\"section\" data-settings=\"{&quot;background_background&quot;:&quot;classic&quot;}\">\n\t\t\t\t\t\t\t<div class=\"elementor-background-overlay\"><\/div>\n\t\t\t\t\t\t\t<div class=\"elementor-container elementor-column-gap-default\">\n\t\t\t\t\t<div class=\"elementor-column elementor-col-100 elementor-top-column elementor-element elementor-element-fdbaf54\" data-id=\"fdbaf54\" data-element_type=\"column\" data-e-type=\"column\">\n\t\t\t<div class=\"elementor-widget-wrap elementor-element-populated\">\n\t\t\t\t\t\t<div class=\"elementor-element elementor-element-343b5bf elementor-widget elementor-widget-heading\" data-id=\"343b5bf\" data-element_type=\"widget\" data-e-type=\"widget\" data-widget_type=\"heading.default\">\n\t\t\t\t<div class=\"elementor-widget-container\">\n\t\t\t\t\t<h2 class=\"elementor-heading-title elementor-size-default\">BIOGRAPHY<\/h2>\t\t\t\t<\/div>\n\t\t\t\t<\/div>\n\t\t\t\t\t<\/div>\n\t\t<\/div>\n\t\t\t\t\t<\/div>\n\t\t<\/section>\n\t\t\t\t<section class=\"elementor-section elementor-top-section elementor-element elementor-element-cf3fa9a elementor-section-boxed elementor-section-height-default elementor-section-height-default\" data-id=\"cf3fa9a\" data-element_type=\"section\" data-e-type=\"section\">\n\t\t\t\t\t\t<div class=\"elementor-container elementor-column-gap-default\">\n\t\t\t\t\t<div class=\"elementor-column elementor-col-100 elementor-top-column elementor-element elementor-element-0240a12\" data-id=\"0240a12\" data-element_type=\"column\" data-e-type=\"column\">\n\t\t\t<div class=\"elementor-widget-wrap elementor-element-populated\">\n\t\t\t\t\t\t<section class=\"elementor-section elementor-inner-section elementor-element elementor-element-55d1e10 elementor-section-boxed elementor-section-height-default elementor-section-height-default\" data-id=\"55d1e10\" data-element_type=\"section\" data-e-type=\"section\">\n\t\t\t\t\t\t<div class=\"elementor-container elementor-column-gap-default\">\n\t\t\t\t\t<div class=\"elementor-column elementor-col-50 elementor-inner-column elementor-element elementor-element-e9113f6\" data-id=\"e9113f6\" data-element_type=\"column\" data-e-type=\"column\">\n\t\t\t<div class=\"elementor-widget-wrap elementor-element-populated\">\n\t\t\t\t\t\t<div class=\"elementor-element elementor-element-c28757d elementor-widget elementor-widget-image\" data-id=\"c28757d\" data-element_type=\"widget\" data-e-type=\"widget\" data-widget_type=\"image.default\">\n\t\t\t\t<div class=\"elementor-widget-container\">\n\t\t\t\t\t\t\t\t\t\t\t\t\t\t\t<img fetchpriority=\"high\" decoding=\"async\" width=\"802\" height=\"1199\" src=\"https:\/\/coleccionmiguelangles.com\/wp-content\/uploads\/2021\/12\/MIGUEL-N-ANGLES-2.png\" class=\"attachment-full size-full wp-image-2478\" alt=\"\" srcset=\"https:\/\/coleccionmiguelangles.com\/wp-content\/uploads\/2021\/12\/MIGUEL-N-ANGLES-2.png 802w, https:\/\/coleccionmiguelangles.com\/wp-content\/uploads\/2021\/12\/MIGUEL-N-ANGLES-2-201x300.png 201w, https:\/\/coleccionmiguelangles.com\/wp-content\/uploads\/2021\/12\/MIGUEL-N-ANGLES-2-685x1024.png 685w, https:\/\/coleccionmiguelangles.com\/wp-content\/uploads\/2021\/12\/MIGUEL-N-ANGLES-2-768x1148.png 768w, https:\/\/coleccionmiguelangles.com\/wp-content\/uploads\/2021\/12\/MIGUEL-N-ANGLES-2-440x658.png 440w, https:\/\/coleccionmiguelangles.com\/wp-content\/uploads\/2021\/12\/MIGUEL-N-ANGLES-2-600x897.png 600w\" sizes=\"(max-width: 802px) 100vw, 802px\" \/>\t\t\t\t\t\t\t\t\t\t\t\t\t\t\t<\/div>\n\t\t\t\t<\/div>\n\t\t\t\t\t<\/div>\n\t\t<\/div>\n\t\t\t\t<div class=\"elementor-column elementor-col-50 elementor-inner-column elementor-element elementor-element-13ccc0e\" data-id=\"13ccc0e\" data-element_type=\"column\" data-e-type=\"column\">\n\t\t\t<div class=\"elementor-widget-wrap elementor-element-populated\">\n\t\t\t\t\t\t<div class=\"elementor-element elementor-element-b7a20d1 elementor-widget elementor-widget-heading\" data-id=\"b7a20d1\" data-element_type=\"widget\" data-e-type=\"widget\" data-widget_type=\"heading.default\">\n\t\t\t\t<div class=\"elementor-widget-container\">\n\t\t\t\t\t<h2 class=\"elementor-heading-title elementor-size-default\">MIGUEL N. ANGLES<\/h2>\t\t\t\t<\/div>\n\t\t\t\t<\/div>\n\t\t\t\t<div class=\"elementor-element elementor-element-9e949e4 elementor-widget elementor-widget-text-editor\" data-id=\"9e949e4\" data-element_type=\"widget\" data-e-type=\"widget\" data-widget_type=\"text-editor.default\">\n\t\t\t\t<div class=\"elementor-widget-container\">\n\t\t\t\t\t\t\t\t\t<p>Miguel N. Angles was born in 1900 in the community of Chuma, in the province of Mu\u00f1eca of La Paz,\nBolivia. When he was six months old, his family moved to Moho, which was then part of the province of\nHuancan\u00e9 in Puno, Peru. He grew up there and pursued his basic education, graduating at the Glorioso\nColegio San Carlos high school in Puno. In 1920 he got married to Maria Aleman Alayza. They had five\nchildren, the youngest passed away when he was only three years old due to meningoencephalitis.\nHe worked arduously at the Estanco de la Sal and around 1940 he rented Calahuyo country estate\nbuying it few years later. He dedicated himself to raising ovine cattle and selling wool, which improved his\neconomic condition that allowed him not only to maintain his residence in Moho, but also to combine his\nwork as a rancher with his love for music. Many of his contemporaries remember when they were young,\nthey were delighted to stop at \"don Miguel's\" house, a place where he had arranged speakers that\nprojected from the music room to the street, allowing them to listen classical music which at that time was\ndifficult to access.\nAmong the native instruments, Miguel used to play sikus, pinquillos, tarkas and pifanos, for which he had\na particular predilection. He also played charango but mainly concertina, an instrument that he performed\nwith in multiple estudiantinas in Moho, Huancan\u00e9 and Puno. He founded and directed Centro Musical\nHuancan\u00e9, taking part in different meetings and contests throughout Puno. In 1957 they won Primer\nConcurso Departamental de Estudiantinas. After that, the Sono Radio label invited them to record in the\ncity of Lima. They also recorded with Inca Label.\nIn the fifties, Miguel was able to record many native music groups not only at his home in Moho, but also\nin different Andean communities where he used to traveled in his own vehicle with assistants and enough\nbatteries to make sure the equipment would work because of the absence of electric power in those\nregions.\nHe widowed in 1965 and a few years later he moved his residence to the city of Arequipa, where he\nfrequently received his countrymen to listen Andean music. He died in 1977 as a result of a complication\nof diabetes mellitus, which he suffered for more than thirty years.<\/p>\t\t\t\t\t\t\t\t<\/div>\n\t\t\t\t<\/div>\n\t\t\t\t<div class=\"elementor-element elementor-element-d8a6a17 elementor-widget elementor-widget-heading\" data-id=\"d8a6a17\" data-element_type=\"widget\" data-e-type=\"widget\" data-widget_type=\"heading.default\">\n\t\t\t\t<div class=\"elementor-widget-container\">\n\t\t\t\t\t<h4 class=\"elementor-heading-title elementor-size-medium\">Javier Torres Angles<\/h4>\t\t\t\t<\/div>\n\t\t\t\t<\/div>\n\t\t\t\t\t<\/div>\n\t\t<\/div>\n\t\t\t\t\t<\/div>\n\t\t<\/section>\n\t\t\t\t\t<\/div>\n\t\t<\/div>\n\t\t\t\t\t<\/div>\n\t\t<\/section>\n\t\t\t\t<\/div>","protected":false},"excerpt":{"rendered":"<p>BIOGRAF\u00cdA MIGUEL N. ANGLES Miguel N. Angles naci\u00f3 en el a\u00f1o 1900, en la comunidad de Chuma, provincia de Mu\u00f1ecas, departamento de La Paz, Bolivia. Cuando Miguel ten\u00eda seis meses, su familia se mud\u00f3 a Moho, que en ese entonces [&hellip;]<\/p>\n","protected":false},"author":1,"featured_media":0,"parent":0,"menu_order":0,"comment_status":"closed","ping_status":"closed","template":"elementor_header_footer","meta":{"inline_featured_image":false,"footnotes":""},"class_list":["post-2093","page","type-page","status-publish","hentry"],"yoast_head":"<!-- This site is optimized with the Yoast SEO plugin v27.4 - https:\/\/yoast.com\/product\/yoast-seo-wordpress\/ -->\n<title>Biograf\u00eda - Miguel Angles<\/title>\n<meta name=\"robots\" content=\"index, follow, max-snippet:-1, max-image-preview:large, max-video-preview:-1\" \/>\n<link rel=\"canonical\" href=\"https:\/\/coleccionmiguelangles.com\/en\/biografia\/\" \/>\n<meta property=\"og:locale\" content=\"en_US\" \/>\n<meta property=\"og:type\" content=\"article\" \/>\n<meta property=\"og:title\" content=\"Biograf\u00eda - Miguel Angles\" \/>\n<meta property=\"og:description\" content=\"BIOGRAF\u00cdA MIGUEL N. ANGLES Miguel N. Angles naci\u00f3 en el a\u00f1o 1900, en la comunidad de Chuma, provincia de Mu\u00f1ecas, departamento de La Paz, Bolivia. Cuando Miguel ten\u00eda seis meses, su familia se mud\u00f3 a Moho, que en ese entonces [&hellip;]\" \/>\n<meta property=\"og:url\" content=\"https:\/\/coleccionmiguelangles.com\/en\/biografia\/\" \/>\n<meta property=\"og:site_name\" content=\"Miguel Angles\" \/>\n<meta property=\"article:modified_time\" content=\"2021-12-20T03:37:15+00:00\" \/>\n<meta property=\"og:image\" content=\"https:\/\/coleccionmiguelangles.com\/wp-content\/uploads\/2021\/12\/MIGUEL-N-ANGLES-2.png\" \/>\n<meta name=\"twitter:card\" content=\"summary_large_image\" \/>\n<meta name=\"twitter:label1\" content=\"Est. reading time\" \/>\n\t<meta name=\"twitter:data1\" content=\"3 minutes\" \/>\n<script type=\"application\/ld+json\" class=\"yoast-schema-graph\">{\"@context\":\"https:\\\/\\\/schema.org\",\"@graph\":[{\"@type\":\"WebPage\",\"@id\":\"https:\\\/\\\/coleccionmiguelangles.com\\\/biografia\\\/\",\"url\":\"https:\\\/\\\/coleccionmiguelangles.com\\\/biografia\\\/\",\"name\":\"Biograf\u00eda - Miguel Angles\",\"isPartOf\":{\"@id\":\"https:\\\/\\\/coleccionmiguelangles.com\\\/#website\"},\"primaryImageOfPage\":{\"@id\":\"https:\\\/\\\/coleccionmiguelangles.com\\\/biografia\\\/#primaryimage\"},\"image\":{\"@id\":\"https:\\\/\\\/coleccionmiguelangles.com\\\/biografia\\\/#primaryimage\"},\"thumbnailUrl\":\"https:\\\/\\\/coleccionmiguelangles.com\\\/wp-content\\\/uploads\\\/2021\\\/12\\\/MIGUEL-N-ANGLES-2.png\",\"datePublished\":\"2021-12-09T02:22:35+00:00\",\"dateModified\":\"2021-12-20T03:37:15+00:00\",\"breadcrumb\":{\"@id\":\"https:\\\/\\\/coleccionmiguelangles.com\\\/biografia\\\/#breadcrumb\"},\"inLanguage\":\"en-US\",\"potentialAction\":[{\"@type\":\"ReadAction\",\"target\":[\"https:\\\/\\\/coleccionmiguelangles.com\\\/biografia\\\/\"]}]},{\"@type\":\"ImageObject\",\"inLanguage\":\"en-US\",\"@id\":\"https:\\\/\\\/coleccionmiguelangles.com\\\/biografia\\\/#primaryimage\",\"url\":\"https:\\\/\\\/coleccionmiguelangles.com\\\/wp-content\\\/uploads\\\/2021\\\/12\\\/MIGUEL-N-ANGLES-2.png\",\"contentUrl\":\"https:\\\/\\\/coleccionmiguelangles.com\\\/wp-content\\\/uploads\\\/2021\\\/12\\\/MIGUEL-N-ANGLES-2.png\"},{\"@type\":\"BreadcrumbList\",\"@id\":\"https:\\\/\\\/coleccionmiguelangles.com\\\/biografia\\\/#breadcrumb\",\"itemListElement\":[{\"@type\":\"ListItem\",\"position\":1,\"name\":\"Portada\",\"item\":\"https:\\\/\\\/coleccionmiguelangles.com\\\/\"},{\"@type\":\"ListItem\",\"position\":2,\"name\":\"Biograf\u00eda\"}]},{\"@type\":\"WebSite\",\"@id\":\"https:\\\/\\\/coleccionmiguelangles.com\\\/#website\",\"url\":\"https:\\\/\\\/coleccionmiguelangles.com\\\/\",\"name\":\"Miguel Angles\",\"description\":\"Colecci\u00f3n\",\"potentialAction\":[{\"@type\":\"SearchAction\",\"target\":{\"@type\":\"EntryPoint\",\"urlTemplate\":\"https:\\\/\\\/coleccionmiguelangles.com\\\/?s={search_term_string}\"},\"query-input\":{\"@type\":\"PropertyValueSpecification\",\"valueRequired\":true,\"valueName\":\"search_term_string\"}}],\"inLanguage\":\"en-US\"}]}<\/script>\n<!-- \/ Yoast SEO plugin. -->","yoast_head_json":{"title":"Biograf\u00eda - Miguel Angles","robots":{"index":"index","follow":"follow","max-snippet":"max-snippet:-1","max-image-preview":"max-image-preview:large","max-video-preview":"max-video-preview:-1"},"canonical":"https:\/\/coleccionmiguelangles.com\/en\/biografia\/","og_locale":"en_US","og_type":"article","og_title":"Biograf\u00eda - Miguel Angles","og_description":"BIOGRAF\u00cdA MIGUEL N. ANGLES Miguel N. Angles naci\u00f3 en el a\u00f1o 1900, en la comunidad de Chuma, provincia de Mu\u00f1ecas, departamento de La Paz, Bolivia. Cuando Miguel ten\u00eda seis meses, su familia se mud\u00f3 a Moho, que en ese entonces [&hellip;]","og_url":"https:\/\/coleccionmiguelangles.com\/en\/biografia\/","og_site_name":"Miguel Angles","article_modified_time":"2021-12-20T03:37:15+00:00","og_image":[{"url":"https:\/\/coleccionmiguelangles.com\/wp-content\/uploads\/2021\/12\/MIGUEL-N-ANGLES-2.png","type":"","width":"","height":""}],"twitter_card":"summary_large_image","twitter_misc":{"Est. reading time":"3 minutes"},"schema":{"@context":"https:\/\/schema.org","@graph":[{"@type":"WebPage","@id":"https:\/\/coleccionmiguelangles.com\/biografia\/","url":"https:\/\/coleccionmiguelangles.com\/biografia\/","name":"Biograf\u00eda - Miguel Angles","isPartOf":{"@id":"https:\/\/coleccionmiguelangles.com\/#website"},"primaryImageOfPage":{"@id":"https:\/\/coleccionmiguelangles.com\/biografia\/#primaryimage"},"image":{"@id":"https:\/\/coleccionmiguelangles.com\/biografia\/#primaryimage"},"thumbnailUrl":"https:\/\/coleccionmiguelangles.com\/wp-content\/uploads\/2021\/12\/MIGUEL-N-ANGLES-2.png","datePublished":"2021-12-09T02:22:35+00:00","dateModified":"2021-12-20T03:37:15+00:00","breadcrumb":{"@id":"https:\/\/coleccionmiguelangles.com\/biografia\/#breadcrumb"},"inLanguage":"en-US","potentialAction":[{"@type":"ReadAction","target":["https:\/\/coleccionmiguelangles.com\/biografia\/"]}]},{"@type":"ImageObject","inLanguage":"en-US","@id":"https:\/\/coleccionmiguelangles.com\/biografia\/#primaryimage","url":"https:\/\/coleccionmiguelangles.com\/wp-content\/uploads\/2021\/12\/MIGUEL-N-ANGLES-2.png","contentUrl":"https:\/\/coleccionmiguelangles.com\/wp-content\/uploads\/2021\/12\/MIGUEL-N-ANGLES-2.png"},{"@type":"BreadcrumbList","@id":"https:\/\/coleccionmiguelangles.com\/biografia\/#breadcrumb","itemListElement":[{"@type":"ListItem","position":1,"name":"Portada","item":"https:\/\/coleccionmiguelangles.com\/"},{"@type":"ListItem","position":2,"name":"Biograf\u00eda"}]},{"@type":"WebSite","@id":"https:\/\/coleccionmiguelangles.com\/#website","url":"https:\/\/coleccionmiguelangles.com\/","name":"Miguel Angles","description":"Colecci\u00f3n","potentialAction":[{"@type":"SearchAction","target":{"@type":"EntryPoint","urlTemplate":"https:\/\/coleccionmiguelangles.com\/?s={search_term_string}"},"query-input":{"@type":"PropertyValueSpecification","valueRequired":true,"valueName":"search_term_string"}}],"inLanguage":"en-US"}]}},"_links":{"self":[{"href":"https:\/\/coleccionmiguelangles.com\/en\/wp-json\/wp\/v2\/pages\/2093","targetHints":{"allow":["GET"]}}],"collection":[{"href":"https:\/\/coleccionmiguelangles.com\/en\/wp-json\/wp\/v2\/pages"}],"about":[{"href":"https:\/\/coleccionmiguelangles.com\/en\/wp-json\/wp\/v2\/types\/page"}],"author":[{"embeddable":true,"href":"https:\/\/coleccionmiguelangles.com\/en\/wp-json\/wp\/v2\/users\/1"}],"replies":[{"embeddable":true,"href":"https:\/\/coleccionmiguelangles.com\/en\/wp-json\/wp\/v2\/comments?post=2093"}],"version-history":[{"count":61,"href":"https:\/\/coleccionmiguelangles.com\/en\/wp-json\/wp\/v2\/pages\/2093\/revisions"}],"predecessor-version":[{"id":3632,"href":"https:\/\/coleccionmiguelangles.com\/en\/wp-json\/wp\/v2\/pages\/2093\/revisions\/3632"}],"wp:attachment":[{"href":"https:\/\/coleccionmiguelangles.com\/en\/wp-json\/wp\/v2\/media?parent=2093"}],"curies":[{"name":"wp","href":"https:\/\/api.w.org\/{rel}","templated":true}]}}