{"id":2095,"date":"2021-12-09T02:22:35","date_gmt":"2021-12-09T02:22:35","guid":{"rendered":"https:\/\/coleccionmiguelangles.com\/?page_id=2095"},"modified":"2021-12-23T20:07:48","modified_gmt":"2021-12-24T01:07:48","slug":"noticias","status":"publish","type":"page","link":"https:\/\/coleccionmiguelangles.com\/en\/noticias\/","title":{"rendered":"News"},"content":{"rendered":"<div data-elementor-type=\"wp-page\" data-elementor-id=\"2095\" class=\"elementor elementor-2095\" data-elementor-post-type=\"page\">\n\t\t\t\t\t\t<section class=\"elementor-section elementor-top-section elementor-element elementor-element-d1c7f39 elementor-section-height-min-height elementor-section-boxed elementor-section-height-default elementor-section-items-middle\" data-id=\"d1c7f39\" data-element_type=\"section\" data-e-type=\"section\" data-settings=\"{&quot;background_background&quot;:&quot;classic&quot;}\">\n\t\t\t\t\t\t<div class=\"elementor-container elementor-column-gap-default\">\n\t\t\t\t\t<div class=\"elementor-column elementor-col-100 elementor-top-column elementor-element elementor-element-8e1a6fb\" data-id=\"8e1a6fb\" data-element_type=\"column\" data-e-type=\"column\">\n\t\t\t<div class=\"elementor-widget-wrap elementor-element-populated\">\n\t\t\t\t\t\t<div class=\"elementor-element elementor-element-53f5551 elementor-widget elementor-widget-heading\" data-id=\"53f5551\" data-element_type=\"widget\" data-e-type=\"widget\" data-widget_type=\"heading.default\">\n\t\t\t\t<div class=\"elementor-widget-container\">\n\t\t\t\t\t<h2 class=\"elementor-heading-title elementor-size-default\">NEWS<\/h2>\t\t\t\t<\/div>\n\t\t\t\t<\/div>\n\t\t\t\t\t<\/div>\n\t\t<\/div>\n\t\t\t\t\t<\/div>\n\t\t<\/section>\n\t\t\t\t<section class=\"elementor-section elementor-top-section elementor-element elementor-element-a5f25ec elementor-section-boxed elementor-section-height-default elementor-section-height-default\" data-id=\"a5f25ec\" data-element_type=\"section\" data-e-type=\"section\">\n\t\t\t\t\t\t<div class=\"elementor-container elementor-column-gap-default\">\n\t\t\t\t\t<div class=\"elementor-column elementor-col-100 elementor-top-column elementor-element elementor-element-222c195\" data-id=\"222c195\" data-element_type=\"column\" data-e-type=\"column\">\n\t\t\t<div class=\"elementor-widget-wrap elementor-element-populated\">\n\t\t\t\t\t\t<div class=\"elementor-element elementor-element-7a4c0ac elementor-widget elementor-widget-photographer-blog-posts\" data-id=\"7a4c0ac\" data-element_type=\"widget\" data-e-type=\"widget\" data-widget_type=\"photographer-blog-posts.default\">\n\t\t\t\t<div class=\"elementor-widget-container\">\n\t\t\t\t\t<div class=\"blog_post_content_wrapper layout_grid\">\n<!-- Begin each blog post -->\n<div class=\"blog-posts-grid post-3853 post type-post status-publish format-standard has-post-thumbnail hentry category-miguel-angles category-musica tag-miguel-angles tag-ministerio-de-cultura tag-musica\">\n\n\t<div class=\"post_wrapper\">\n\t\t\n\t\t\t\t    <div class=\"post_img static\">\n\t\t\t    \t\t\t    <div class=\"post_img_hover\">\n\t\t\t     \t\t\t\t\t     <img decoding=\"async\"  src=\"https:\/\/coleccionmiguelangles.com\/wp-content\/uploads\/2021\/12\/PUBLICIDAD-FACEBOOK-960x550.png\" class=\"\" alt=\"\"\/>\n\t\t\t\t     \t\t\t     \t\t\t\t     \t<a href=\"https:\/\/coleccionmiguelangles.com\/en\/presentacion-coleccion-miguel-angles\/\"><\/a>\n\t\t\t    <\/div>\n\t\t    <\/div>\n\t\t\t    \n\t    <div class=\"post_content_wrapper text_\">\n\t\t    \n\t\t    <div class=\"post_header\">\n\t\t\t    \t\t\t    <div class=\"post_detail single_post\">\n\t\t\t    \t<span class=\"post_info_cat\">\n\t\t\t\t\t\t\t\t\t\t\t\t      \t<a href=\"https:\/\/coleccionmiguelangles.com\/en\/category\/miguel-angles\/\">Miguel Angles<\/a>\n\t\t\t\t\t\t&nbsp;&middot;&nbsp;\t\t\t\t\t\t      \t<a href=\"https:\/\/coleccionmiguelangles.com\/en\/category\/miguel-angles\/musica\/\">Musica<\/a>\n\t\t\t\t\t\t\t\t\t    \t<\/span>\n\t\t\t \t<\/div>\n\t\t\t \t\t\t\t\t<div class=\"post_header_title\">\n\t\t\t\t    <h5><a href=\"https:\/\/coleccionmiguelangles.com\/en\/presentacion-coleccion-miguel-angles\/\" title=\"Presentacio\u0301n Coleccio\u0301n Miguel Angles\">Presentacio\u0301n Coleccio\u0301n Miguel Angles<\/a><\/h5>\n\t\t\t\t<\/div>\n\t\t\t<\/div>\n\t    \n\t\t\t<div class=\"post_header_wrapper\">\n\t\t\t\t<p>Presentaci\u00f3n \u201cColecci\u00f3n Miguel Angles\u201d Arequipa, 20 de diciembre del 2021 Nadie imaginar\u00eda el cambio radical en la pr\u00e1ctica y consumo de la M\u00fasica luego que \u00c9douard L\u00e9on Scott De...<\/p>\t\t\t    \t\t\t    <div class=\"post_button_wrapper\">\n\t\t\t    \t<div class=\"post_attribute\">\n\t\t\t\t\t    <a href=\"https:\/\/coleccionmiguelangles.com\/en\/presentacion-coleccion-miguel-angles\/\" title=\"Presentacio\u0301n Coleccio\u0301n Miguel Angles\">23\/12\/2021<\/a>\n\t\t\t\t\t<\/div>\n\t\t\t    <\/div>\n\t\t\t    \t\t\t<\/div>\n\t    <\/div>\n\t    \n\t<\/div>\n\n<\/div>\n\n<!-- End each blog post --><\/div>\n<br class=\"clear\"\/>\t\t\t\t<\/div>\n\t\t\t\t<\/div>\n\t\t\t\t\t<\/div>\n\t\t<\/div>\n\t\t\t\t\t<\/div>\n\t\t<\/section>\n\t\t\t\t<\/div>","protected":false},"excerpt":{"rendered":"<p>NOTICIAS Miguel Angles &nbsp;&middot;&nbsp; Musica Presentacio\u0301n Coleccio\u0301n Miguel Angles Presentaci\u00f3n \u201cColecci\u00f3n Miguel Angles\u201d Arequipa, 20 de diciembre del 2021 Nadie imaginar\u00eda el cambio radical en la pr\u00e1ctica y consumo de la M\u00fasica luego que \u00c9douard L\u00e9on Scott De&#8230; 23\/12\/2021<\/p>","protected":false},"author":1,"featured_media":0,"parent":0,"menu_order":0,"comment_status":"closed","ping_status":"closed","template":"elementor_header_footer","meta":{"inline_featured_image":false,"footnotes":""},"class_list":["post-2095","page","type-page","status-publish","hentry"],"yoast_head":"<!-- This site is optimized with the Yoast SEO plugin v27.4 - https:\/\/yoast.com\/product\/yoast-seo-wordpress\/ -->\n<title>Noticias - Miguel Angles<\/title>\n<meta name=\"robots\" content=\"index, follow, max-snippet:-1, max-image-preview:large, max-video-preview:-1\" \/>\n<link rel=\"canonical\" href=\"https:\/\/coleccionmiguelangles.com\/en\/noticias\/\" \/>\n<meta property=\"og:locale\" content=\"en_US\" \/>\n<meta property=\"og:type\" content=\"article\" \/>\n<meta property=\"og:title\" content=\"Noticias - Miguel Angles\" \/>\n<meta property=\"og:description\" content=\"NOTICIAS Miguel Angles &nbsp;&middot;&nbsp; Musica Presentacio\u0301n Coleccio\u0301n Miguel Angles Presentaci\u00f3n \u201cColecci\u00f3n Miguel Angles\u201d Arequipa, 20 de diciembre del 2021 Nadie imaginar\u00eda el cambio radical en la pr\u00e1ctica y consumo de la M\u00fasica luego que \u00c9douard L\u00e9on Scott De&#8230; 23\/12\/2021\" \/>\n<meta property=\"og:url\" content=\"https:\/\/coleccionmiguelangles.com\/en\/noticias\/\" \/>\n<meta property=\"og:site_name\" content=\"Miguel Angles\" \/>\n<meta property=\"article:modified_time\" content=\"2021-12-24T01:07:48+00:00\" \/>\n<meta name=\"twitter:card\" content=\"summary_large_image\" \/>\n<meta name=\"twitter:label1\" content=\"Est. reading time\" \/>\n\t<meta name=\"twitter:data1\" content=\"1 minute\" \/>\n<script type=\"application\/ld+json\" class=\"yoast-schema-graph\">{\"@context\":\"https:\\\/\\\/schema.org\",\"@graph\":[{\"@type\":\"WebPage\",\"@id\":\"https:\\\/\\\/coleccionmiguelangles.com\\\/noticias\\\/\",\"url\":\"https:\\\/\\\/coleccionmiguelangles.com\\\/noticias\\\/\",\"name\":\"Noticias - Miguel Angles\",\"isPartOf\":{\"@id\":\"https:\\\/\\\/coleccionmiguelangles.com\\\/#website\"},\"datePublished\":\"2021-12-09T02:22:35+00:00\",\"dateModified\":\"2021-12-24T01:07:48+00:00\",\"breadcrumb\":{\"@id\":\"https:\\\/\\\/coleccionmiguelangles.com\\\/noticias\\\/#breadcrumb\"},\"inLanguage\":\"en-US\",\"potentialAction\":[{\"@type\":\"ReadAction\",\"target\":[\"https:\\\/\\\/coleccionmiguelangles.com\\\/noticias\\\/\"]}]},{\"@type\":\"BreadcrumbList\",\"@id\":\"https:\\\/\\\/coleccionmiguelangles.com\\\/noticias\\\/#breadcrumb\",\"itemListElement\":[{\"@type\":\"ListItem\",\"position\":1,\"name\":\"Portada\",\"item\":\"https:\\\/\\\/coleccionmiguelangles.com\\\/\"},{\"@type\":\"ListItem\",\"position\":2,\"name\":\"Noticias\"}]},{\"@type\":\"WebSite\",\"@id\":\"https:\\\/\\\/coleccionmiguelangles.com\\\/#website\",\"url\":\"https:\\\/\\\/coleccionmiguelangles.com\\\/\",\"name\":\"Miguel Angles\",\"description\":\"Colecci\u00f3n\",\"potentialAction\":[{\"@type\":\"SearchAction\",\"target\":{\"@type\":\"EntryPoint\",\"urlTemplate\":\"https:\\\/\\\/coleccionmiguelangles.com\\\/?s={search_term_string}\"},\"query-input\":{\"@type\":\"PropertyValueSpecification\",\"valueRequired\":true,\"valueName\":\"search_term_string\"}}],\"inLanguage\":\"en-US\"}]}<\/script>\n<!-- \/ Yoast SEO plugin. -->","yoast_head_json":{"title":"Noticias - Miguel Angles","robots":{"index":"index","follow":"follow","max-snippet":"max-snippet:-1","max-image-preview":"max-image-preview:large","max-video-preview":"max-video-preview:-1"},"canonical":"https:\/\/coleccionmiguelangles.com\/en\/noticias\/","og_locale":"en_US","og_type":"article","og_title":"Noticias - Miguel Angles","og_description":"NOTICIAS Miguel Angles &nbsp;&middot;&nbsp; Musica Presentacio\u0301n Coleccio\u0301n Miguel Angles Presentaci\u00f3n \u201cColecci\u00f3n Miguel Angles\u201d Arequipa, 20 de diciembre del 2021 Nadie imaginar\u00eda el cambio radical en la pr\u00e1ctica y consumo de la M\u00fasica luego que \u00c9douard L\u00e9on Scott De&#8230; 23\/12\/2021","og_url":"https:\/\/coleccionmiguelangles.com\/en\/noticias\/","og_site_name":"Miguel Angles","article_modified_time":"2021-12-24T01:07:48+00:00","twitter_card":"summary_large_image","twitter_misc":{"Est. reading time":"1 minute"},"schema":{"@context":"https:\/\/schema.org","@graph":[{"@type":"WebPage","@id":"https:\/\/coleccionmiguelangles.com\/noticias\/","url":"https:\/\/coleccionmiguelangles.com\/noticias\/","name":"Noticias - Miguel Angles","isPartOf":{"@id":"https:\/\/coleccionmiguelangles.com\/#website"},"datePublished":"2021-12-09T02:22:35+00:00","dateModified":"2021-12-24T01:07:48+00:00","breadcrumb":{"@id":"https:\/\/coleccionmiguelangles.com\/noticias\/#breadcrumb"},"inLanguage":"en-US","potentialAction":[{"@type":"ReadAction","target":["https:\/\/coleccionmiguelangles.com\/noticias\/"]}]},{"@type":"BreadcrumbList","@id":"https:\/\/coleccionmiguelangles.com\/noticias\/#breadcrumb","itemListElement":[{"@type":"ListItem","position":1,"name":"Portada","item":"https:\/\/coleccionmiguelangles.com\/"},{"@type":"ListItem","position":2,"name":"Noticias"}]},{"@type":"WebSite","@id":"https:\/\/coleccionmiguelangles.com\/#website","url":"https:\/\/coleccionmiguelangles.com\/","name":"Miguel Angles","description":"Colecci\u00f3n","potentialAction":[{"@type":"SearchAction","target":{"@type":"EntryPoint","urlTemplate":"https:\/\/coleccionmiguelangles.com\/?s={search_term_string}"},"query-input":{"@type":"PropertyValueSpecification","valueRequired":true,"valueName":"search_term_string"}}],"inLanguage":"en-US"}]}},"_links":{"self":[{"href":"https:\/\/coleccionmiguelangles.com\/en\/wp-json\/wp\/v2\/pages\/2095","targetHints":{"allow":["GET"]}}],"collection":[{"href":"https:\/\/coleccionmiguelangles.com\/en\/wp-json\/wp\/v2\/pages"}],"about":[{"href":"https:\/\/coleccionmiguelangles.com\/en\/wp-json\/wp\/v2\/types\/page"}],"author":[{"embeddable":true,"href":"https:\/\/coleccionmiguelangles.com\/en\/wp-json\/wp\/v2\/users\/1"}],"replies":[{"embeddable":true,"href":"https:\/\/coleccionmiguelangles.com\/en\/wp-json\/wp\/v2\/comments?post=2095"}],"version-history":[{"count":31,"href":"https:\/\/coleccionmiguelangles.com\/en\/wp-json\/wp\/v2\/pages\/2095\/revisions"}],"predecessor-version":[{"id":3907,"href":"https:\/\/coleccionmiguelangles.com\/en\/wp-json\/wp\/v2\/pages\/2095\/revisions\/3907"}],"wp:attachment":[{"href":"https:\/\/coleccionmiguelangles.com\/en\/wp-json\/wp\/v2\/media?parent=2095"}],"curies":[{"name":"wp","href":"https:\/\/api.w.org\/{rel}","templated":true}]}}